{"id":4470,"date":"2024-01-08T15:57:14","date_gmt":"2024-01-08T14:57:14","guid":{"rendered":"https:\/\/tocma.vunkers.dev\/?page_id=4470"},"modified":"2024-01-26T15:46:04","modified_gmt":"2024-01-26T14:46:04","slug":"altres-serveis","status":"publish","type":"page","link":"https:\/\/grupgl.com\/ca\/altres-serveis\/","title":{"rendered":"Altres serveis"},"content":{"rendered":"\t\t<div data-elementor-type=\"wp-page\" data-elementor-id=\"4470\" class=\"elementor elementor-4470 elementor-4469\" data-elementor-post-type=\"page\">\n\t\t\t\t\t\t<section class=\"elementor-section elementor-top-section elementor-element elementor-element-6bbb2613 v-pg-legals elementor-section-boxed elementor-section-height-default elementor-section-height-default\" data-id=\"6bbb2613\" data-element_type=\"section\" data-e-type=\"section\">\n\t\t\t\t\t\t<div class=\"elementor-container elementor-column-gap-default\">\n\t\t\t\t\t<div class=\"elementor-column elementor-col-100 elementor-top-column elementor-element elementor-element-345f346\" data-id=\"345f346\" data-element_type=\"column\" data-e-type=\"column\">\n\t\t\t<div class=\"elementor-widget-wrap elementor-element-populated\">\n\t\t\t\t\t\t\t<\/div>\n\t\t<\/div>\n\t\t\t\t\t<\/div>\n\t\t<\/section>\n\t\t\t\t<section class=\"elementor-section elementor-top-section elementor-element elementor-element-24616e9 elementor-section-boxed elementor-section-height-default elementor-section-height-default\" data-id=\"24616e9\" data-element_type=\"section\" data-e-type=\"section\">\n\t\t\t\t\t\t<div class=\"elementor-container elementor-column-gap-default\">\n\t\t\t\t\t<div class=\"elementor-column elementor-col-50 elementor-top-column elementor-element elementor-element-e960036\" data-id=\"e960036\" data-element_type=\"column\" data-e-type=\"column\">\n\t\t\t<div class=\"elementor-widget-wrap elementor-element-populated\">\n\t\t\t\t\t\t<div class=\"elementor-element elementor-element-5bb28b69 elementor-widget elementor-widget-text-editor\" data-id=\"5bb28b69\" data-element_type=\"widget\" data-e-type=\"widget\" data-widget_type=\"text-editor.default\">\n\t\t\t\t<div class=\"elementor-widget-container\">\n\t\t\t\t\t\t\t\t\t<h3 style=\"color: #01718b;\">Qu\u00e8 s\u00f3n les Coordenades Georeferenciades?<\/h3><p>Les Coordenades Georeferenciades, tambien anomenades Coordenades Geogr\u00e0fiques, o Coordenades de Referenciaci\u00f3 Geogr\u00e0fica s\u00f3n un<b> sistema de coordenades que permet determinar la posici\u00f3 exacta d&#8217;un immoble <\/b>concret en el territori, a m\u00e9s de la seva forma i superf\u00edcie. Per a aix\u00f2, \u00e9s necessari definir les coordenades de tots els v\u00e8rtexs referides a l&#8217;origen absolut, el fus geogr\u00e0fic al qual pertany i la seva orientaci\u00f3 respecte al Nord.<\/p>\t\t\t\t\t\t\t\t<\/div>\n\t\t\t\t<\/div>\n\t\t\t\t\t<\/div>\n\t\t<\/div>\n\t\t\t\t<div class=\"elementor-column elementor-col-50 elementor-top-column elementor-element elementor-element-d14267b\" data-id=\"d14267b\" data-element_type=\"column\" data-e-type=\"column\">\n\t\t\t<div class=\"elementor-widget-wrap elementor-element-populated\">\n\t\t\t\t\t\t<div class=\"elementor-element elementor-element-509c80d elementor-widget elementor-widget-image\" data-id=\"509c80d\" data-element_type=\"widget\" data-e-type=\"widget\" data-widget_type=\"image.default\">\n\t\t\t\t<div class=\"elementor-widget-container\">\n\t\t\t\t\t\t\t\t\t\t\t\t\t\t\t<img fetchpriority=\"high\" decoding=\"async\" width=\"605\" height=\"310\" src=\"https:\/\/grupgl.com\/wp-content\/uploads\/otros-servicios-1.png\" class=\"attachment-large size-large wp-image-4613\" alt=\"\" srcset=\"https:\/\/grupgl.com\/wp-content\/uploads\/otros-servicios-1.png 605w, https:\/\/grupgl.com\/wp-content\/uploads\/otros-servicios-1-420x215.png 420w, https:\/\/grupgl.com\/wp-content\/uploads\/otros-servicios-1-600x307.png 600w\" sizes=\"(max-width: 605px) 100vw, 605px\" \/>\t\t\t\t\t\t\t\t\t\t\t\t\t\t\t<\/div>\n\t\t\t\t<\/div>\n\t\t\t\t\t<\/div>\n\t\t<\/div>\n\t\t\t\t\t<\/div>\n\t\t<\/section>\n\t\t\t\t<section class=\"elementor-section elementor-top-section elementor-element elementor-element-d3f2865 elementor-section-boxed elementor-section-height-default elementor-section-height-default\" data-id=\"d3f2865\" data-element_type=\"section\" data-e-type=\"section\">\n\t\t\t\t\t\t<div class=\"elementor-container elementor-column-gap-default\">\n\t\t\t\t\t<div class=\"elementor-column elementor-col-100 elementor-top-column elementor-element elementor-element-9334943\" data-id=\"9334943\" data-element_type=\"column\" data-e-type=\"column\">\n\t\t\t<div class=\"elementor-widget-wrap elementor-element-populated\">\n\t\t\t\t\t\t<div class=\"elementor-element elementor-element-af7047f elementor-widget elementor-widget-text-editor\" data-id=\"af7047f\" data-element_type=\"widget\" data-e-type=\"widget\" data-widget_type=\"text-editor.default\">\n\t\t\t\t<div class=\"elementor-widget-container\">\n\t\t\t\t\t\t\t\t\t<h3 style=\"color:#01718B\">Qu\u00e8 \u00e9s un Certificat de Coordenades Georeferenciades?<\/h3>\n<p>El <b>Certificat de Coordenades Georeferenciades<\/b> \u00e9s un document de car\u00e0cter T\u00e8cnic. Cont\u00e9 el llistat de tots els punts que formen el per\u00edmetre o contorn d&#8217;un immoble. En general es refereix a parcel\u00b7les. Tamb\u00e9 pot incloure les edificacions que formen part de la parcel\u00b7la: habitatge, barbacoa, piscina, etc. En conseq\u00fc\u00e8ncia, <b>est\u00e0 format per dos tipus d&#8217;informaci\u00f3:<\/b><\/p>\n<h3 style=\"color:#01718B\">INFORMACION LITER\u00c0RIA<\/h3>\n<p>En aquesta part del document es descriuen la parcel\u00b7la i\/o construccions que formen part del Certificat. Tamb\u00e9 s&#8217;inclou una taula amb el llistat de tots els v\u00e8rtexs. Generalment, a aquesta part se&#8217;n diu Certificat de Coordenades Georeferenciades. En realitat, nom\u00e9s \u00e9s una part d&#8217;aquest.<\/p>\n<h3 style=\"color:#01718B\">INFORMACION GR\u00c0FICA<br><\/h3>\n<p>Aquesta part es refereix als <a href=\"https:\/\/www.arkespai.com\/plano-georreferenciado\/\" target=\"_blank\">plans georeferenciats<\/a> inclosos en el Certificat de Coordenades Georeferenciades. En ells, es mostra la posici\u00f3 concreta de tots els v\u00e8rtexs que apareixen en el llistat. Segons el cas, poden ser necessaris un o diversos plans georeferenciats. En conseq\u00fc\u00e8ncia, el <b>Certificat de Coordenades Georeferenciades<\/b> \u00e9s el conjunt format per tots dos documents.<\/p>\n<h2 style=\"color:#01718B\">OBRA NOVA<br><\/h2>\n<h3 style=\"color:#01718B\">Quan cal fer la declaraci\u00f3 d&#8217;obra nova?<br><\/h3>\n<p>L&#8217;escriptura d&#8217;obra nova \u00e9s obligat\u00f2ria <b>sempre que el propietari de l&#8217;habitatge sigui un constructor o promotor.<\/b> Mentre que, si es tracta d&#8217;un particular que ha realitzat una construcci\u00f3 d&#8217;\u00fas propi, no seria necess\u00e0ria.<\/p>\n<h3 style=\"color:#01718B\">Quan se sol\u00b7licita un peritatge?<br><\/h3>\n<p>Qualsevol persona o entitat pot sol\u00b7licitar un peritatge a nivell privat,<b> per a valorar si li conv\u00e9 o no anar a judici per alguna cosa, per a solucionar conflictes amistosament<\/b>\u2026Tamb\u00e9 pot sol\u00b7licitar un estament judicial, com a part d&#8217;algun proc\u00e9s, pel jutge, o per les parts en litigi.<\/p>\t\t\t\t\t\t\t\t<\/div>\n\t\t\t\t<\/div>\n\t\t\t\t\t<\/div>\n\t\t<\/div>\n\t\t\t\t\t<\/div>\n\t\t<\/section>\n\t\t\t\t<\/div>\n\t\t","protected":false},"excerpt":{"rendered":"<p>Qu\u00e8 s\u00f3n les Coordenades Georeferenciades? Les Coordenades Georeferenciades, tambien anomenades Coordenades Geogr\u00e0fiques, o Coordenades de Referenciaci\u00f3 Geogr\u00e0fica s\u00f3n un sistema de coordenades que permet determinar la posici\u00f3 exacta d&#8217;un immoble concret en el territori, a m\u00e9s de la seva forma i superf\u00edcie. Per a aix\u00f2, \u00e9s necessari definir les coordenades de tots els v\u00e8rtexs referides [&hellip;]<\/p>\n","protected":false},"author":3,"featured_media":0,"parent":0,"menu_order":7,"comment_status":"closed","ping_status":"closed","template":"elementor_header_footer","meta":{"footnotes":""},"class_list":["post-4470","page","type-page","status-publish","hentry"],"yoast_head":"<!-- This site is optimized with the Yoast SEO plugin v27.5 - https:\/\/yoast.com\/product\/yoast-seo-wordpress\/ -->\n<title>Altres serveis - Construcciones Tocma<\/title>\n<meta name=\"description\" content=\"Qu\u00e8 s\u00f3n les Coordenades Georeferenciades?Les Coordenades Georeferenciades, tambien anomenades Coordenades Geogr\u00e0fiques, o Coordenades de Referenciaci\u00f3\" \/>\n<meta name=\"robots\" content=\"noindex, nofollow\" \/>\n<meta property=\"og:locale\" content=\"ca_ES\" \/>\n<meta property=\"og:type\" content=\"article\" \/>\n<meta property=\"og:title\" content=\"Altres serveis - Construcciones Tocma\" \/>\n<meta property=\"og:description\" content=\"Qu\u00e8 s\u00f3n les Coordenades Georeferenciades?Les Coordenades Georeferenciades, tambien anomenades Coordenades Geogr\u00e0fiques, o Coordenades de Referenciaci\u00f3\" \/>\n<meta property=\"og:url\" content=\"https:\/\/grupgl.com\/ca\/altres-serveis\/\" \/>\n<meta property=\"og:site_name\" content=\"Construcciones Tocma\" \/>\n<meta property=\"article:modified_time\" content=\"2024-01-26T14:46:04+00:00\" \/>\n<meta property=\"og:image\" content=\"https:\/\/grupgl.com\/wp-content\/uploads\/otros-servicios-1.png\" \/>\n<meta name=\"twitter:card\" content=\"summary_large_image\" \/>\n<meta name=\"twitter:label1\" content=\"Temps estimat de lectura\" \/>\n\t<meta name=\"twitter:data1\" content=\"3 minuts\" \/>\n<script type=\"application\/ld+json\" class=\"yoast-schema-graph\">{\"@context\":\"https:\\\/\\\/schema.org\",\"@graph\":[{\"@type\":\"WebPage\",\"@id\":\"https:\\\/\\\/grupgl.com\\\/ca\\\/altres-serveis\\\/\",\"url\":\"https:\\\/\\\/grupgl.com\\\/ca\\\/altres-serveis\\\/\",\"name\":\"Altres serveis - Construcciones Tocma\",\"isPartOf\":{\"@id\":\"https:\\\/\\\/grupgl.com\\\/ca\\\/#website\"},\"primaryImageOfPage\":{\"@id\":\"https:\\\/\\\/grupgl.com\\\/ca\\\/altres-serveis\\\/#primaryimage\"},\"image\":{\"@id\":\"https:\\\/\\\/grupgl.com\\\/ca\\\/altres-serveis\\\/#primaryimage\"},\"thumbnailUrl\":\"https:\\\/\\\/grupgl.com\\\/wp-content\\\/uploads\\\/otros-servicios-1.png\",\"datePublished\":\"2024-01-08T14:57:14+00:00\",\"dateModified\":\"2024-01-26T14:46:04+00:00\",\"description\":\"Qu\u00e8 s\u00f3n les Coordenades Georeferenciades?Les Coordenades Georeferenciades, tambien anomenades Coordenades Geogr\u00e0fiques, o Coordenades de Referenciaci\u00f3\",\"inLanguage\":\"ca\",\"potentialAction\":[{\"@type\":\"ReadAction\",\"target\":[\"https:\\\/\\\/grupgl.com\\\/ca\\\/altres-serveis\\\/\"]}]},{\"@type\":\"ImageObject\",\"inLanguage\":\"ca\",\"@id\":\"https:\\\/\\\/grupgl.com\\\/ca\\\/altres-serveis\\\/#primaryimage\",\"url\":\"https:\\\/\\\/grupgl.com\\\/wp-content\\\/uploads\\\/otros-servicios-1.png\",\"contentUrl\":\"https:\\\/\\\/grupgl.com\\\/wp-content\\\/uploads\\\/otros-servicios-1.png\"},{\"@type\":\"WebSite\",\"@id\":\"https:\\\/\\\/grupgl.com\\\/ca\\\/#website\",\"url\":\"https:\\\/\\\/grupgl.com\\\/ca\\\/\",\"name\":\"Construcciones Tocma\",\"description\":\"Construcciones Tocma\",\"publisher\":{\"@id\":\"https:\\\/\\\/grupgl.com\\\/ca\\\/#organization\"},\"potentialAction\":[{\"@type\":\"SearchAction\",\"target\":{\"@type\":\"EntryPoint\",\"urlTemplate\":\"https:\\\/\\\/grupgl.com\\\/ca\\\/?s={search_term_string}\"},\"query-input\":{\"@type\":\"PropertyValueSpecification\",\"valueRequired\":true,\"valueName\":\"search_term_string\"}}],\"inLanguage\":\"ca\"},{\"@type\":\"Organization\",\"@id\":\"https:\\\/\\\/grupgl.com\\\/ca\\\/#organization\",\"name\":\"Construcciones Tocma\",\"url\":\"https:\\\/\\\/grupgl.com\\\/ca\\\/\",\"logo\":{\"@type\":\"ImageObject\",\"inLanguage\":\"ca\",\"@id\":\"https:\\\/\\\/grupgl.com\\\/ca\\\/#\\\/schema\\\/logo\\\/image\\\/\",\"url\":\"https:\\\/\\\/grupgl.com\\\/wp-content\\\/uploads\\\/cropped-logo-construcciones-tocma.jpg\",\"contentUrl\":\"https:\\\/\\\/grupgl.com\\\/wp-content\\\/uploads\\\/cropped-logo-construcciones-tocma.jpg\",\"width\":927,\"height\":438,\"caption\":\"Construcciones Tocma\"},\"image\":{\"@id\":\"https:\\\/\\\/grupgl.com\\\/ca\\\/#\\\/schema\\\/logo\\\/image\\\/\"}}]}<\/script>\n<!-- \/ Yoast SEO plugin. -->","yoast_head_json":{"title":"Altres serveis - Construcciones Tocma","description":"Qu\u00e8 s\u00f3n les Coordenades Georeferenciades?Les Coordenades Georeferenciades, tambien anomenades Coordenades Geogr\u00e0fiques, o Coordenades de Referenciaci\u00f3","robots":{"index":"noindex","follow":"nofollow"},"og_locale":"ca_ES","og_type":"article","og_title":"Altres serveis - Construcciones Tocma","og_description":"Qu\u00e8 s\u00f3n les Coordenades Georeferenciades?Les Coordenades Georeferenciades, tambien anomenades Coordenades Geogr\u00e0fiques, o Coordenades de Referenciaci\u00f3","og_url":"https:\/\/grupgl.com\/ca\/altres-serveis\/","og_site_name":"Construcciones Tocma","article_modified_time":"2024-01-26T14:46:04+00:00","og_image":[{"url":"https:\/\/grupgl.com\/wp-content\/uploads\/otros-servicios-1.png","type":"","width":"","height":""}],"twitter_card":"summary_large_image","twitter_misc":{"Temps estimat de lectura":"3 minuts"},"schema":{"@context":"https:\/\/schema.org","@graph":[{"@type":"WebPage","@id":"https:\/\/grupgl.com\/ca\/altres-serveis\/","url":"https:\/\/grupgl.com\/ca\/altres-serveis\/","name":"Altres serveis - Construcciones Tocma","isPartOf":{"@id":"https:\/\/grupgl.com\/ca\/#website"},"primaryImageOfPage":{"@id":"https:\/\/grupgl.com\/ca\/altres-serveis\/#primaryimage"},"image":{"@id":"https:\/\/grupgl.com\/ca\/altres-serveis\/#primaryimage"},"thumbnailUrl":"https:\/\/grupgl.com\/wp-content\/uploads\/otros-servicios-1.png","datePublished":"2024-01-08T14:57:14+00:00","dateModified":"2024-01-26T14:46:04+00:00","description":"Qu\u00e8 s\u00f3n les Coordenades Georeferenciades?Les Coordenades Georeferenciades, tambien anomenades Coordenades Geogr\u00e0fiques, o Coordenades de Referenciaci\u00f3","inLanguage":"ca","potentialAction":[{"@type":"ReadAction","target":["https:\/\/grupgl.com\/ca\/altres-serveis\/"]}]},{"@type":"ImageObject","inLanguage":"ca","@id":"https:\/\/grupgl.com\/ca\/altres-serveis\/#primaryimage","url":"https:\/\/grupgl.com\/wp-content\/uploads\/otros-servicios-1.png","contentUrl":"https:\/\/grupgl.com\/wp-content\/uploads\/otros-servicios-1.png"},{"@type":"WebSite","@id":"https:\/\/grupgl.com\/ca\/#website","url":"https:\/\/grupgl.com\/ca\/","name":"Construcciones Tocma","description":"Construcciones Tocma","publisher":{"@id":"https:\/\/grupgl.com\/ca\/#organization"},"potentialAction":[{"@type":"SearchAction","target":{"@type":"EntryPoint","urlTemplate":"https:\/\/grupgl.com\/ca\/?s={search_term_string}"},"query-input":{"@type":"PropertyValueSpecification","valueRequired":true,"valueName":"search_term_string"}}],"inLanguage":"ca"},{"@type":"Organization","@id":"https:\/\/grupgl.com\/ca\/#organization","name":"Construcciones Tocma","url":"https:\/\/grupgl.com\/ca\/","logo":{"@type":"ImageObject","inLanguage":"ca","@id":"https:\/\/grupgl.com\/ca\/#\/schema\/logo\/image\/","url":"https:\/\/grupgl.com\/wp-content\/uploads\/cropped-logo-construcciones-tocma.jpg","contentUrl":"https:\/\/grupgl.com\/wp-content\/uploads\/cropped-logo-construcciones-tocma.jpg","width":927,"height":438,"caption":"Construcciones Tocma"},"image":{"@id":"https:\/\/grupgl.com\/ca\/#\/schema\/logo\/image\/"}}]}},"_links":{"self":[{"href":"https:\/\/grupgl.com\/ca\/wp-json\/wp\/v2\/pages\/4470","targetHints":{"allow":["GET"]}}],"collection":[{"href":"https:\/\/grupgl.com\/ca\/wp-json\/wp\/v2\/pages"}],"about":[{"href":"https:\/\/grupgl.com\/ca\/wp-json\/wp\/v2\/types\/page"}],"author":[{"embeddable":true,"href":"https:\/\/grupgl.com\/ca\/wp-json\/wp\/v2\/users\/3"}],"replies":[{"embeddable":true,"href":"https:\/\/grupgl.com\/ca\/wp-json\/wp\/v2\/comments?post=4470"}],"version-history":[{"count":9,"href":"https:\/\/grupgl.com\/ca\/wp-json\/wp\/v2\/pages\/4470\/revisions"}],"predecessor-version":[{"id":4728,"href":"https:\/\/grupgl.com\/ca\/wp-json\/wp\/v2\/pages\/4470\/revisions\/4728"}],"wp:attachment":[{"href":"https:\/\/grupgl.com\/ca\/wp-json\/wp\/v2\/media?parent=4470"}],"curies":[{"name":"wp","href":"https:\/\/api.w.org\/{rel}","templated":true}]}}