{"id":4451,"date":"2024-01-08T15:58:03","date_gmt":"2024-01-08T14:58:03","guid":{"rendered":"https:\/\/tocma.vunkers.dev\/?page_id=4451"},"modified":"2024-01-26T15:40:02","modified_gmt":"2024-01-26T14:40:02","slug":"obres","status":"publish","type":"page","link":"https:\/\/grupgl.com\/ca\/obres\/","title":{"rendered":"Obres"},"content":{"rendered":"\t\t<div data-elementor-type=\"wp-page\" data-elementor-id=\"4451\" class=\"elementor elementor-4451 elementor-4450\" data-elementor-post-type=\"page\">\n\t\t\t\t\t\t<section class=\"elementor-section elementor-top-section elementor-element elementor-element-91be1c1 elementor-section-boxed elementor-section-height-default elementor-section-height-default\" data-id=\"91be1c1\" data-element_type=\"section\" data-e-type=\"section\">\n\t\t\t\t\t\t<div class=\"elementor-container elementor-column-gap-default\">\n\t\t\t\t\t<div class=\"elementor-column elementor-col-100 elementor-top-column elementor-element elementor-element-3191e2c\" data-id=\"3191e2c\" data-element_type=\"column\" data-e-type=\"column\">\n\t\t\t<div class=\"elementor-widget-wrap elementor-element-populated\">\n\t\t\t\t\t\t\t<\/div>\n\t\t<\/div>\n\t\t\t\t\t<\/div>\n\t\t<\/section>\n\t\t\t\t<section class=\"elementor-section elementor-top-section elementor-element elementor-element-6bbb2613 v-pg-legals elementor-section-boxed elementor-section-height-default elementor-section-height-default\" data-id=\"6bbb2613\" data-element_type=\"section\" data-e-type=\"section\">\n\t\t\t\t\t\t<div class=\"elementor-container elementor-column-gap-default\">\n\t\t\t\t\t<div class=\"elementor-column elementor-col-50 elementor-top-column elementor-element elementor-element-345f346\" data-id=\"345f346\" data-element_type=\"column\" data-e-type=\"column\">\n\t\t\t<div class=\"elementor-widget-wrap elementor-element-populated\">\n\t\t\t\t\t\t<div class=\"elementor-element elementor-element-5bb28b69 elementor-widget elementor-widget-text-editor\" data-id=\"5bb28b69\" data-element_type=\"widget\" data-e-type=\"widget\" data-widget_type=\"text-editor.default\">\n\t\t\t\t<div class=\"elementor-widget-container\">\n\t\t\t\t\t\t\t\t\t<h3 style=\"color: #01718b;\">\u00bfQu\u00e9 es una gesti\u00f3n inmobiliaria?<\/h3><p>La gesti\u00f3 immobili\u00e0ria <b>consisteix a dur a terme la prestaci\u00f3 de serveis per a mediar, assessorar i executar accions de tipus immobiliari<\/b>. \u00c9s a dir, una immobili\u00e0ria \u00e9s un intermediari que ha de realitzar les gestions necess\u00e0ries per a acostar a l&#8217;interessat a vendre i a l&#8217;interessat a comprar.<\/p>\t\t\t\t\t\t\t\t<\/div>\n\t\t\t\t<\/div>\n\t\t\t\t\t<\/div>\n\t\t<\/div>\n\t\t\t\t<div class=\"elementor-column elementor-col-50 elementor-top-column elementor-element elementor-element-a2c573e\" data-id=\"a2c573e\" data-element_type=\"column\" data-e-type=\"column\">\n\t\t\t<div class=\"elementor-widget-wrap elementor-element-populated\">\n\t\t\t\t\t\t<div class=\"elementor-element elementor-element-4668f03 elementor-widget elementor-widget-image\" data-id=\"4668f03\" data-element_type=\"widget\" data-e-type=\"widget\" data-widget_type=\"image.default\">\n\t\t\t\t<div class=\"elementor-widget-container\">\n\t\t\t\t\t\t\t\t\t\t\t\t\t\t\t<img fetchpriority=\"high\" decoding=\"async\" width=\"396\" height=\"264\" src=\"https:\/\/grupgl.com\/wp-content\/uploads\/obras-imagen-1.jpg\" class=\"attachment-large size-large wp-image-4589\" alt=\"\" \/>\t\t\t\t\t\t\t\t\t\t\t\t\t\t\t<\/div>\n\t\t\t\t<\/div>\n\t\t\t\t\t<\/div>\n\t\t<\/div>\n\t\t\t\t\t<\/div>\n\t\t<\/section>\n\t\t\t\t<section class=\"elementor-section elementor-top-section elementor-element elementor-element-33f6708 elementor-section-boxed elementor-section-height-default elementor-section-height-default\" data-id=\"33f6708\" data-element_type=\"section\" data-e-type=\"section\">\n\t\t\t\t\t\t<div class=\"elementor-container elementor-column-gap-default\">\n\t\t\t\t\t<div class=\"elementor-column elementor-col-100 elementor-top-column elementor-element elementor-element-2012ccb\" data-id=\"2012ccb\" data-element_type=\"column\" data-e-type=\"column\">\n\t\t\t<div class=\"elementor-widget-wrap elementor-element-populated\">\n\t\t\t\t\t\t<div class=\"elementor-element elementor-element-aad968d elementor-widget elementor-widget-text-editor\" data-id=\"aad968d\" data-element_type=\"widget\" data-e-type=\"widget\" data-widget_type=\"text-editor.default\">\n\t\t\t\t<div class=\"elementor-widget-container\">\n\t\t\t\t\t\t\t\t\t<h3 style=\"color: #01718b;\">Qu\u00e8 \u00e9s la Direcci\u00f3 Executiva d&#8217;obra?<\/h3><p>b) Direcci\u00f3 executiva: <b>el professional que realitza la direcci\u00f3, assessora al propietari, que adopta el car\u00e0cter d&#8217;empresari de la contractaci\u00f3 de la m\u00e0 d&#8217;obra i adquisici\u00f3 de materials<\/b>, aix\u00ed \u00e9s l&#8217;\u00fanic responsable t\u00e8cnic de la construcci\u00f3.<\/p><h2 style=\"color: #01718b;\">COORDINACI\u00d3 SEGURETAT I SALUT EN OBRA<\/h2><h3 style=\"color: #01718b;\">Funcions del Coordinador de seguretat i salut en fase de projecte<\/h3><p>1. Coordinar l&#8217;aplicaci\u00f3 dels principis preventius que hauran de ser presos en consideraci\u00f3 pel projectista en la fase de concepci\u00f3, estudi i elaboraci\u00f3 del projecte d&#8217;obra i en particular (segons art. 8 RD 1627\/97) 2. Elaborar de <b>l&#8217;estudi de seguretat i salut.<\/b><\/p><h3 style=\"color: #01718b;\">Funcions del Coordinador de seguretat i salut en fase d&#8217;execuci\u00f3<\/h3><p>Les funcions que ha d&#8217;exercir el Coordinador de seguretat i salut estan especificades en l&#8217;article 9 del RD 1627\/97: 1. Coordinar l&#8217;aplicaci\u00f3 dels principis generals de prevenci\u00f3 i seguretat 2. <b>Coordinar les activitats <\/b>en l&#8217;obra garantint que contractistes, subcontractistes i treballadors aut\u00f2noms<b> apliquin els principis<\/b> <b>d&#8217;acci\u00f3 preventiva<\/b> recollits en l&#8217;article 15 de la Llei de Prevenci\u00f3 de Riscos Laborals, i en concret, en les quals es refereix el seu cap\u00edtol 10:<\/p><ul><li><b>Mantenir l&#8217;ordre i la neteja.<\/b><\/li><li><b>Triar la ubicaci\u00f3 de les diferents \u00e0rees i llocs de treball.<\/b><\/li><li><b>Manipular els diferents materials.<\/b><\/li><li><b>Mantenir i controlar aquelles incid\u00e8ncies que puguin posar en perill la seguretat i\/o salut dels treballadors.<\/b><\/li><li><b>Delimitar i condicionar les zones destinades a l&#8217;emmagatzematge i dip\u00f2sit.<\/b><\/li><li><b>Recollir els materials perillosos<\/b><\/li><li><b>Emmagatzemar i eliminar<\/b> o evacuar <b>els residus i enderrocs<\/b><\/li><li><b>Adaptar<\/b>, segons l&#8217;evoluci\u00f3 de l&#8217;obra, els per\u00edodes de temps efectius que han de dedicar-se als diferents treballs, o fases de treball.<\/li><li><b>Coordinar la cooperaci\u00f3 entre<\/b> contractistes, subcontractistes i treballadors aut\u00f2noms.<\/li><li><b>Vigilar les interaccions i incompatibilitats<\/b> amb altres treballs o activitats de qualsevol tipus que s&#8217;estiguin realitzant <b>en l&#8217;obra o en els seus voltants.<\/b><\/li><\/ul>\t\t\t\t\t\t\t\t<\/div>\n\t\t\t\t<\/div>\n\t\t\t\t\t<\/div>\n\t\t<\/div>\n\t\t\t\t\t<\/div>\n\t\t<\/section>\n\t\t\t\t<section class=\"elementor-section elementor-top-section elementor-element elementor-element-0f8470f v-pg-legals elementor-section-boxed elementor-section-height-default elementor-section-height-default\" data-id=\"0f8470f\" data-element_type=\"section\" data-e-type=\"section\">\n\t\t\t\t\t\t<div class=\"elementor-container elementor-column-gap-default\">\n\t\t\t\t\t<div class=\"elementor-column elementor-col-50 elementor-top-column elementor-element elementor-element-671b2ad\" data-id=\"671b2ad\" data-element_type=\"column\" data-e-type=\"column\">\n\t\t\t<div class=\"elementor-widget-wrap elementor-element-populated\">\n\t\t\t\t\t\t<div class=\"elementor-element elementor-element-61654e1 elementor-widget__width-initial elementor-widget elementor-widget-text-editor\" data-id=\"61654e1\" data-element_type=\"widget\" data-e-type=\"widget\" data-widget_type=\"text-editor.default\">\n\t\t\t\t<div class=\"elementor-widget-container\">\n\t\t\t\t\t\t\t\t\t<h3 style=\"color: #01718b;\">Qu\u00e8 \u00e9s la rehabilitaci\u00f3 d&#8217;obres?<\/h3>\n<p>La rehabilitaci\u00f3 d&#8217;un edifici \u00e9s una obra de car\u00e0cter major que s&#8217;efectua amb la finalitat d&#8217;adaptar l&#8217;immoble als nous usos i funcionalitats demandats. Per exemple, el canvi d&#8217;un edifici d&#8217;habitatges a unes noves oficines, la instal\u00b7laci\u00f3 d&#8217;un ascensor, o la rehabilitaci\u00f3 de fa\u00e7anes d&#8217;edificis antic. <b>Qu\u00e8 es considera rehabilitaci\u00f3 d&#8217;habitatge?<\/b> La rehabilitaci\u00f3 d&#8217;habitatges \u00e9s aquella acci\u00f3 constructiva o edificat\u00f2ria que es realitza per a millorar algunes de les condicions seg\u00fcents: d&#8217;habitabilitat de l&#8217;habitatge, de seguretat estructural i constructiva, de protecci\u00f3 contra la pres\u00e8ncia d&#8217;aigua i humitat, de les seves instal\u00b7lacions, de l&#8217;accessibilitat, de la seva \u2026 <b>Quina difer\u00e8ncia hi ha entre reforma i rehabilitaci\u00f3?<\/b> La reforma parteix sempre d&#8217;un bon estat de conservaci\u00f3 i en gaireb\u00e9 totes les ocasions la reforma \u00e9s opcional. No obstant aix\u00f2, en referir-nos a la rehabilitaci\u00f3 d&#8217;un habitatge estem parlem de la reparaci\u00f3 d&#8217;alguns elements de la casa que no funcionen b\u00e9 i que s\u00f3n necessaris per a fer el lloc habitable.<\/p>\t\t\t\t\t\t\t\t<\/div>\n\t\t\t\t<\/div>\n\t\t\t\t\t<\/div>\n\t\t<\/div>\n\t\t\t\t<div class=\"elementor-column elementor-col-50 elementor-top-column elementor-element elementor-element-7efef0f\" data-id=\"7efef0f\" data-element_type=\"column\" data-e-type=\"column\">\n\t\t\t<div class=\"elementor-widget-wrap elementor-element-populated\">\n\t\t\t\t\t\t<div class=\"elementor-element elementor-element-2741947 elementor-widget elementor-widget-image\" data-id=\"2741947\" data-element_type=\"widget\" data-e-type=\"widget\" data-widget_type=\"image.default\">\n\t\t\t\t<div class=\"elementor-widget-container\">\n\t\t\t\t\t\t\t\t\t\t\t\t\t\t\t<img decoding=\"async\" width=\"375\" height=\"282\" src=\"https:\/\/grupgl.com\/wp-content\/uploads\/obras-imagen-2.jpg\" class=\"attachment-large size-large wp-image-4600\" alt=\"\" \/>\t\t\t\t\t\t\t\t\t\t\t\t\t\t\t<\/div>\n\t\t\t\t<\/div>\n\t\t\t\t\t<\/div>\n\t\t<\/div>\n\t\t\t\t\t<\/div>\n\t\t<\/section>\n\t\t\t\t<section class=\"elementor-section elementor-top-section elementor-element elementor-element-7da2da1 elementor-section-boxed elementor-section-height-default elementor-section-height-default\" data-id=\"7da2da1\" data-element_type=\"section\" data-e-type=\"section\">\n\t\t\t\t\t\t<div class=\"elementor-container elementor-column-gap-default\">\n\t\t\t\t\t<div class=\"elementor-column elementor-col-33 elementor-top-column elementor-element elementor-element-b423293\" data-id=\"b423293\" data-element_type=\"column\" data-e-type=\"column\">\n\t\t\t<div class=\"elementor-widget-wrap elementor-element-populated\">\n\t\t\t\t\t\t<div class=\"elementor-element elementor-element-03ff384 elementor-widget elementor-widget-image\" data-id=\"03ff384\" data-element_type=\"widget\" data-e-type=\"widget\" data-widget_type=\"image.default\">\n\t\t\t\t<div class=\"elementor-widget-container\">\n\t\t\t\t\t\t\t\t\t\t\t\t\t\t\t<img decoding=\"async\" width=\"231\" height=\"122\" src=\"https:\/\/grupgl.com\/wp-content\/uploads\/obras-imagen-3.jpg\" class=\"attachment-large size-large wp-image-4605\" alt=\"\" \/>\t\t\t\t\t\t\t\t\t\t\t\t\t\t\t<\/div>\n\t\t\t\t<\/div>\n\t\t\t\t\t<\/div>\n\t\t<\/div>\n\t\t\t\t<div class=\"elementor-column elementor-col-66 elementor-top-column elementor-element elementor-element-ede048b\" data-id=\"ede048b\" data-element_type=\"column\" data-e-type=\"column\">\n\t\t\t<div class=\"elementor-widget-wrap elementor-element-populated\">\n\t\t\t\t\t\t<div class=\"elementor-element elementor-element-eb78c37 elementor-widget elementor-widget-text-editor\" data-id=\"eb78c37\" data-element_type=\"widget\" data-e-type=\"widget\" data-widget_type=\"text-editor.default\">\n\t\t\t\t<div class=\"elementor-widget-container\">\n\t\t\t\t\t\t\t\t\t<h3 style=\"color: #01718b;\">Qu\u00e8 s\u00f3n els habitatges sostenibles?<\/h3><p>L&#8217;habitatge sostenible \u00e9s aquella en el proc\u00e9s d&#8217;edificaci\u00f3 del qual es fa \u00fas de materials de baix impacte ambiental, es garanteix la cura dels recursos naturals, el maneig i l&#8217;apropiada disposici\u00f3 final dels seus residus s\u00f2lids. <b>Qu\u00e8 \u00e9s una casa passiva?<\/b> Una casa passiva \u00e9s b\u00e0sicament un <b>habitatge que es projecta i es construeix garantint unes condicions \u00f2ptimes de confort interior sense utilitzar sistemes de calefacci\u00f3 o refrigeraci\u00f3 convencionals.<\/b><\/p>\t\t\t\t\t\t\t\t<\/div>\n\t\t\t\t<\/div>\n\t\t\t\t\t<\/div>\n\t\t<\/div>\n\t\t\t\t\t<\/div>\n\t\t<\/section>\n\t\t\t\t<section class=\"elementor-section elementor-top-section elementor-element elementor-element-0c34c95 elementor-section-boxed elementor-section-height-default elementor-section-height-default\" data-id=\"0c34c95\" data-element_type=\"section\" data-e-type=\"section\">\n\t\t\t\t\t\t<div class=\"elementor-container elementor-column-gap-default\">\n\t\t\t\t\t<div class=\"elementor-column elementor-col-100 elementor-top-column elementor-element elementor-element-a2be352\" data-id=\"a2be352\" data-element_type=\"column\" data-e-type=\"column\">\n\t\t\t<div class=\"elementor-widget-wrap elementor-element-populated\">\n\t\t\t\t\t\t<div class=\"elementor-element elementor-element-9e03a6b elementor-widget elementor-widget-text-editor\" data-id=\"9e03a6b\" data-element_type=\"widget\" data-e-type=\"widget\" data-widget_type=\"text-editor.default\">\n\t\t\t\t<div class=\"elementor-widget-container\">\n\t\t\t\t\t\t\t\t\t<h3 style=\"color:#01718B\">Qu\u00e8 \u00e9s el projecte d&#8217;activitats?<br>\n<\/h3>\n<p>El <b>projecte d&#8217;activitat<\/b> \u00e9s un document t\u00e8cnic signat per un professional competent, com un arquitecte o enginyer, que descriu detalladament les caracter\u00edstiques d&#8217;un negoci, establiment o local, aix\u00ed com els requisits legals, normatives i t\u00e8cniques que han de complir-se per a garantir el seu correcte \u00fas.<\/p>\t\t\t\t\t\t\t\t<\/div>\n\t\t\t\t<\/div>\n\t\t\t\t\t<\/div>\n\t\t<\/div>\n\t\t\t\t\t<\/div>\n\t\t<\/section>\n\t\t\t\t<\/div>\n\t\t","protected":false},"excerpt":{"rendered":"<p>\u00bfQu\u00e9 es una gesti\u00f3n inmobiliaria? La gesti\u00f3 immobili\u00e0ria consisteix a dur a terme la prestaci\u00f3 de serveis per a mediar, assessorar i executar accions de tipus immobiliari. \u00c9s a dir, una immobili\u00e0ria \u00e9s un intermediari que ha de realitzar les gestions necess\u00e0ries per a acostar a l&#8217;interessat a vendre i a l&#8217;interessat a comprar. Qu\u00e8 [&hellip;]<\/p>\n","protected":false},"author":3,"featured_media":0,"parent":0,"menu_order":7,"comment_status":"closed","ping_status":"closed","template":"elementor_header_footer","meta":{"footnotes":""},"class_list":["post-4451","page","type-page","status-publish","hentry"],"yoast_head":"<!-- This site is optimized with the Yoast SEO plugin v27.5 - https:\/\/yoast.com\/product\/yoast-seo-wordpress\/ -->\n<title>Obres - Construcciones Tocma<\/title>\n<meta name=\"description\" content=\"\u00bfQu\u00e9 es una gesti\u00f3n inmobiliaria?La gesti\u00f3 immobili\u00e0ria consisteix a dur a terme la prestaci\u00f3 de serveis per a mediar, assessorar i executar accions de\" \/>\n<meta name=\"robots\" content=\"noindex, nofollow\" \/>\n<meta property=\"og:locale\" content=\"ca_ES\" \/>\n<meta property=\"og:type\" content=\"article\" \/>\n<meta property=\"og:title\" content=\"Obres - Construcciones Tocma\" \/>\n<meta property=\"og:description\" content=\"\u00bfQu\u00e9 es una gesti\u00f3n inmobiliaria?La gesti\u00f3 immobili\u00e0ria consisteix a dur a terme la prestaci\u00f3 de serveis per a mediar, assessorar i executar accions de\" \/>\n<meta property=\"og:url\" content=\"https:\/\/grupgl.com\/ca\/obres\/\" \/>\n<meta property=\"og:site_name\" content=\"Construcciones Tocma\" \/>\n<meta property=\"article:modified_time\" content=\"2024-01-26T14:40:02+00:00\" \/>\n<meta property=\"og:image\" content=\"https:\/\/grupgl.com\/wp-content\/uploads\/obras-imagen-1.jpg\" \/>\n<meta name=\"twitter:card\" content=\"summary_large_image\" \/>\n<meta name=\"twitter:label1\" content=\"Temps estimat de lectura\" \/>\n\t<meta name=\"twitter:data1\" content=\"5 minuts\" \/>\n<script type=\"application\/ld+json\" class=\"yoast-schema-graph\">{\"@context\":\"https:\\\/\\\/schema.org\",\"@graph\":[{\"@type\":\"WebPage\",\"@id\":\"https:\\\/\\\/grupgl.com\\\/ca\\\/obres\\\/\",\"url\":\"https:\\\/\\\/grupgl.com\\\/ca\\\/obres\\\/\",\"name\":\"Obres - Construcciones Tocma\",\"isPartOf\":{\"@id\":\"https:\\\/\\\/grupgl.com\\\/ca\\\/#website\"},\"primaryImageOfPage\":{\"@id\":\"https:\\\/\\\/grupgl.com\\\/ca\\\/obres\\\/#primaryimage\"},\"image\":{\"@id\":\"https:\\\/\\\/grupgl.com\\\/ca\\\/obres\\\/#primaryimage\"},\"thumbnailUrl\":\"https:\\\/\\\/grupgl.com\\\/wp-content\\\/uploads\\\/obras-imagen-1.jpg\",\"datePublished\":\"2024-01-08T14:58:03+00:00\",\"dateModified\":\"2024-01-26T14:40:02+00:00\",\"description\":\"\u00bfQu\u00e9 es una gesti\u00f3n inmobiliaria?La gesti\u00f3 immobili\u00e0ria consisteix a dur a terme la prestaci\u00f3 de serveis per a mediar, assessorar i executar accions de\",\"inLanguage\":\"ca\",\"potentialAction\":[{\"@type\":\"ReadAction\",\"target\":[\"https:\\\/\\\/grupgl.com\\\/ca\\\/obres\\\/\"]}]},{\"@type\":\"ImageObject\",\"inLanguage\":\"ca\",\"@id\":\"https:\\\/\\\/grupgl.com\\\/ca\\\/obres\\\/#primaryimage\",\"url\":\"https:\\\/\\\/grupgl.com\\\/wp-content\\\/uploads\\\/obras-imagen-1.jpg\",\"contentUrl\":\"https:\\\/\\\/grupgl.com\\\/wp-content\\\/uploads\\\/obras-imagen-1.jpg\"},{\"@type\":\"WebSite\",\"@id\":\"https:\\\/\\\/grupgl.com\\\/ca\\\/#website\",\"url\":\"https:\\\/\\\/grupgl.com\\\/ca\\\/\",\"name\":\"Construcciones Tocma\",\"description\":\"Construcciones Tocma\",\"publisher\":{\"@id\":\"https:\\\/\\\/grupgl.com\\\/ca\\\/#organization\"},\"potentialAction\":[{\"@type\":\"SearchAction\",\"target\":{\"@type\":\"EntryPoint\",\"urlTemplate\":\"https:\\\/\\\/grupgl.com\\\/ca\\\/?s={search_term_string}\"},\"query-input\":{\"@type\":\"PropertyValueSpecification\",\"valueRequired\":true,\"valueName\":\"search_term_string\"}}],\"inLanguage\":\"ca\"},{\"@type\":\"Organization\",\"@id\":\"https:\\\/\\\/grupgl.com\\\/ca\\\/#organization\",\"name\":\"Construcciones Tocma\",\"url\":\"https:\\\/\\\/grupgl.com\\\/ca\\\/\",\"logo\":{\"@type\":\"ImageObject\",\"inLanguage\":\"ca\",\"@id\":\"https:\\\/\\\/grupgl.com\\\/ca\\\/#\\\/schema\\\/logo\\\/image\\\/\",\"url\":\"https:\\\/\\\/grupgl.com\\\/wp-content\\\/uploads\\\/cropped-logo-construcciones-tocma.jpg\",\"contentUrl\":\"https:\\\/\\\/grupgl.com\\\/wp-content\\\/uploads\\\/cropped-logo-construcciones-tocma.jpg\",\"width\":927,\"height\":438,\"caption\":\"Construcciones Tocma\"},\"image\":{\"@id\":\"https:\\\/\\\/grupgl.com\\\/ca\\\/#\\\/schema\\\/logo\\\/image\\\/\"}}]}<\/script>\n<!-- \/ Yoast SEO plugin. -->","yoast_head_json":{"title":"Obres - Construcciones Tocma","description":"\u00bfQu\u00e9 es una gesti\u00f3n inmobiliaria?La gesti\u00f3 immobili\u00e0ria consisteix a dur a terme la prestaci\u00f3 de serveis per a mediar, assessorar i executar accions de","robots":{"index":"noindex","follow":"nofollow"},"og_locale":"ca_ES","og_type":"article","og_title":"Obres - Construcciones Tocma","og_description":"\u00bfQu\u00e9 es una gesti\u00f3n inmobiliaria?La gesti\u00f3 immobili\u00e0ria consisteix a dur a terme la prestaci\u00f3 de serveis per a mediar, assessorar i executar accions de","og_url":"https:\/\/grupgl.com\/ca\/obres\/","og_site_name":"Construcciones Tocma","article_modified_time":"2024-01-26T14:40:02+00:00","og_image":[{"url":"https:\/\/grupgl.com\/wp-content\/uploads\/obras-imagen-1.jpg","type":"","width":"","height":""}],"twitter_card":"summary_large_image","twitter_misc":{"Temps estimat de lectura":"5 minuts"},"schema":{"@context":"https:\/\/schema.org","@graph":[{"@type":"WebPage","@id":"https:\/\/grupgl.com\/ca\/obres\/","url":"https:\/\/grupgl.com\/ca\/obres\/","name":"Obres - Construcciones Tocma","isPartOf":{"@id":"https:\/\/grupgl.com\/ca\/#website"},"primaryImageOfPage":{"@id":"https:\/\/grupgl.com\/ca\/obres\/#primaryimage"},"image":{"@id":"https:\/\/grupgl.com\/ca\/obres\/#primaryimage"},"thumbnailUrl":"https:\/\/grupgl.com\/wp-content\/uploads\/obras-imagen-1.jpg","datePublished":"2024-01-08T14:58:03+00:00","dateModified":"2024-01-26T14:40:02+00:00","description":"\u00bfQu\u00e9 es una gesti\u00f3n inmobiliaria?La gesti\u00f3 immobili\u00e0ria consisteix a dur a terme la prestaci\u00f3 de serveis per a mediar, assessorar i executar accions de","inLanguage":"ca","potentialAction":[{"@type":"ReadAction","target":["https:\/\/grupgl.com\/ca\/obres\/"]}]},{"@type":"ImageObject","inLanguage":"ca","@id":"https:\/\/grupgl.com\/ca\/obres\/#primaryimage","url":"https:\/\/grupgl.com\/wp-content\/uploads\/obras-imagen-1.jpg","contentUrl":"https:\/\/grupgl.com\/wp-content\/uploads\/obras-imagen-1.jpg"},{"@type":"WebSite","@id":"https:\/\/grupgl.com\/ca\/#website","url":"https:\/\/grupgl.com\/ca\/","name":"Construcciones Tocma","description":"Construcciones Tocma","publisher":{"@id":"https:\/\/grupgl.com\/ca\/#organization"},"potentialAction":[{"@type":"SearchAction","target":{"@type":"EntryPoint","urlTemplate":"https:\/\/grupgl.com\/ca\/?s={search_term_string}"},"query-input":{"@type":"PropertyValueSpecification","valueRequired":true,"valueName":"search_term_string"}}],"inLanguage":"ca"},{"@type":"Organization","@id":"https:\/\/grupgl.com\/ca\/#organization","name":"Construcciones Tocma","url":"https:\/\/grupgl.com\/ca\/","logo":{"@type":"ImageObject","inLanguage":"ca","@id":"https:\/\/grupgl.com\/ca\/#\/schema\/logo\/image\/","url":"https:\/\/grupgl.com\/wp-content\/uploads\/cropped-logo-construcciones-tocma.jpg","contentUrl":"https:\/\/grupgl.com\/wp-content\/uploads\/cropped-logo-construcciones-tocma.jpg","width":927,"height":438,"caption":"Construcciones Tocma"},"image":{"@id":"https:\/\/grupgl.com\/ca\/#\/schema\/logo\/image\/"}}]}},"_links":{"self":[{"href":"https:\/\/grupgl.com\/ca\/wp-json\/wp\/v2\/pages\/4451","targetHints":{"allow":["GET"]}}],"collection":[{"href":"https:\/\/grupgl.com\/ca\/wp-json\/wp\/v2\/pages"}],"about":[{"href":"https:\/\/grupgl.com\/ca\/wp-json\/wp\/v2\/types\/page"}],"author":[{"embeddable":true,"href":"https:\/\/grupgl.com\/ca\/wp-json\/wp\/v2\/users\/3"}],"replies":[{"embeddable":true,"href":"https:\/\/grupgl.com\/ca\/wp-json\/wp\/v2\/comments?post=4451"}],"version-history":[{"count":16,"href":"https:\/\/grupgl.com\/ca\/wp-json\/wp\/v2\/pages\/4451\/revisions"}],"predecessor-version":[{"id":4725,"href":"https:\/\/grupgl.com\/ca\/wp-json\/wp\/v2\/pages\/4451\/revisions\/4725"}],"wp:attachment":[{"href":"https:\/\/grupgl.com\/ca\/wp-json\/wp\/v2\/media?parent=4451"}],"curies":[{"name":"wp","href":"https:\/\/api.w.org\/{rel}","templated":true}]}}