{"id":4441,"date":"2024-01-08T15:58:25","date_gmt":"2024-01-08T14:58:25","guid":{"rendered":"https:\/\/tocma.vunkers.dev\/?page_id=4441"},"modified":"2024-01-26T15:47:23","modified_gmt":"2024-01-26T14:47:23","slug":"taxacions-i-valoracions","status":"publish","type":"page","link":"https:\/\/grupgl.com\/ca\/taxacions-i-valoracions\/","title":{"rendered":"Taxacions i valoracions"},"content":{"rendered":"\t\t<div data-elementor-type=\"wp-page\" data-elementor-id=\"4441\" class=\"elementor elementor-4441 elementor-4440\" data-elementor-post-type=\"page\">\n\t\t\t\t\t\t<section class=\"elementor-section elementor-top-section elementor-element elementor-element-6bbb2613 v-pg-legals elementor-section-boxed elementor-section-height-default elementor-section-height-default\" data-id=\"6bbb2613\" data-element_type=\"section\" data-e-type=\"section\">\n\t\t\t\t\t\t<div class=\"elementor-container elementor-column-gap-default\">\n\t\t\t\t\t<div class=\"elementor-column elementor-col-100 elementor-top-column elementor-element elementor-element-345f346\" data-id=\"345f346\" data-element_type=\"column\" data-e-type=\"column\">\n\t\t\t<div class=\"elementor-widget-wrap elementor-element-populated\">\n\t\t\t\t\t\t<div class=\"elementor-element elementor-element-5bb28b69 elementor-widget elementor-widget-text-editor\" data-id=\"5bb28b69\" data-element_type=\"widget\" data-e-type=\"widget\" data-widget_type=\"text-editor.default\">\n\t\t\t\t<div class=\"elementor-widget-container\">\n\t\t\t\t\t\t\t\t\t<h2 style=\"color:#01718B\">Qu\u00e8 \u00e9s una taxaci\u00f3 d&#8217;un b\u00e9 immoble?<\/h2>\n<p>Una taxaci\u00f3 immobili\u00e0ria \u00e9s el proc\u00e9s pel qual un <b>expert en la mat\u00e8ria valora un b\u00e9 immoble sobre la base d&#8217;uns criteris o par\u00e0metres de mercat per a con\u00e8ixer el valor de mercat d&#8217;aquest b\u00e9 o objecte en aquest moment.<\/b><\/p><p>L\u00f2gicament, en un sistema capitalista com el nostre,<b> aquesta valoraci\u00f3 \u00e9s temporal<\/b> i est\u00e0 subjecta a la llei de l&#8217;oferta i de la demanda. D&#8217;aqu\u00ed ve que la taxaci\u00f3 immobili\u00e0ria que realitzem t\u00e9 una caducitat perqu\u00e8 anys m\u00e9s tard pot descendir o augmentar el valor d&#8217;aquest b\u00e9.<\/p><p>Principalment la taxaci\u00f3 immobili\u00e0ria <b>s&#8217;utilitza per a con\u00e8ixer el valor actual del nostre habitatge segons els valors i par\u00e0metres actuals del mercat<\/b>. Gr\u00e0cies a aquest valor, ser\u00e0 m\u00e9s f\u00e0cil vendre-la a un postor o potencial comprador.<\/p><p><span style=\"background-color: var( --e-global-color-73d7754 );\">\u00c9s recomanable posseir aquesta dada quan anem a comprar o vendre un immoble perqu\u00e8 tinguem no sols clar el valor real d&#8217;aquest b\u00e9; sin\u00f3 tamb\u00e9 els valors a cara d&#8217;alguns impostos com el de Transmissions Patrimonials i; m\u00e9s tard, els guanys i p\u00e8rdues patrimonials.<\/span><\/p><p><span style=\"background-color: var( --e-global-color-73d7754 );\">No obstant aix\u00f2, una bona taxaci\u00f3 no sols \u00e9s una valoraci\u00f3 d&#8217;un expert en la mat\u00e8ria; sin\u00f3 a m\u00e9s aquesta ha de ser revisada i ratificada per una Societat de Taxaci\u00f3.<\/span><\/p><p><span style=\"background-color: var( --e-global-color-73d7754 );\">Un aspecte important a tenir en compte \u00e9s que la <\/span><b style=\"background-color: var( --e-global-color-73d7754 );\">norma ECO\/805\/200 <\/b><span style=\"background-color: var( --e-global-color-73d7754 );\">obliga els bancs i entitats financeres a realitzar una taxaci\u00f3 abans de sol\u00b7licitar qualsevol operaci\u00f3 hipotec\u00e0ria. Per\u00f2 al seu torn, <\/span><b style=\"background-color: var( --e-global-color-73d7754 );\">els clients poden aportar una taxaci\u00f3 immobili\u00e0ria sempre que aquesta sigui certificada per un taxador homologat que compleixi amb la norma.<\/b><\/p><p><span style=\"background-color: var( --e-global-color-73d7754 );\">Un tercer \u00fas de les taxacions immobili\u00e0ries \u00e9s utilitzar aquests informes oficials per a reclamar, al\u00b7legar i realitzar recursos contra l&#8217;Ag\u00e8ncia Tribut\u00e0ria.<\/span><\/p><p><span style=\"background-color: var( --e-global-color-73d7754 );\">En moltes ocasions, aquests informes de taxaci\u00f3 immobili\u00e0ria solen utilitzar-se davant judicis civils, penals o administratius.<\/span><\/p><p><span style=\"background-color: var( --e-global-color-73d7754 );\">En definitiva, s\u00f3n moltes les utilitats de les taxacions immobili\u00e0ries. Encara que no ho hem especificat, serveixen tamb\u00e9 a l&#8217;hora de formar qualsevol document financer convenient a un edifici o per a signar p\u00f2lisses d&#8217;asseguran\u00e7a referents a ells. Tamb\u00e9 serveixen per a qualsevol proc\u00e9s judicial com a prova, ja sigui divorci, separacions, danys i perjudicis, compra vendes, valors de mercat, impostos, etc. A m\u00e9s, es pot fer en talp tipus de propietats, des d&#8217;habitatges, fins a oficines, farm\u00e0cies, garatges, magatzems, trasters, etc.)<\/span><\/p>\t\t\t\t\t\t\t\t<\/div>\n\t\t\t\t<\/div>\n\t\t\t\t\t<\/div>\n\t\t<\/div>\n\t\t\t\t\t<\/div>\n\t\t<\/section>\n\t\t\t\t<\/div>\n\t\t","protected":false},"excerpt":{"rendered":"<p>Qu\u00e8 \u00e9s una taxaci\u00f3 d&#8217;un b\u00e9 immoble? Una taxaci\u00f3 immobili\u00e0ria \u00e9s el proc\u00e9s pel qual un expert en la mat\u00e8ria valora un b\u00e9 immoble sobre la base d&#8217;uns criteris o par\u00e0metres de mercat per a con\u00e8ixer el valor de mercat d&#8217;aquest b\u00e9 o objecte en aquest moment. L\u00f2gicament, en un sistema capitalista com el nostre, [&hellip;]<\/p>\n","protected":false},"author":3,"featured_media":0,"parent":0,"menu_order":7,"comment_status":"closed","ping_status":"closed","template":"elementor_header_footer","meta":{"footnotes":""},"class_list":["post-4441","page","type-page","status-publish","hentry"],"yoast_head":"<!-- This site is optimized with the Yoast SEO plugin v27.5 - https:\/\/yoast.com\/product\/yoast-seo-wordpress\/ -->\n<title>Taxacions i valoracions - Construcciones Tocma<\/title>\n<meta name=\"description\" content=\"Qu\u00e8 \u00e9s una taxaci\u00f3 d&#039;un b\u00e9 immoble? Una taxaci\u00f3 immobili\u00e0ria \u00e9s el proc\u00e9s pel qual un expert en la mat\u00e8ria valora un b\u00e9 immoble sobre la base d&#039;uns\" \/>\n<meta name=\"robots\" content=\"index, nofollow, max-snippet:-1, max-image-preview:large, max-video-preview:-1\" \/>\n<link rel=\"canonical\" href=\"https:\/\/grupgl.com\/ca\/taxacions-i-valoracions\/\" \/>\n<meta property=\"og:locale\" content=\"ca_ES\" \/>\n<meta property=\"og:type\" content=\"article\" \/>\n<meta property=\"og:title\" content=\"Taxacions i valoracions - Construcciones Tocma\" \/>\n<meta property=\"og:description\" content=\"Qu\u00e8 \u00e9s una taxaci\u00f3 d&#039;un b\u00e9 immoble? Una taxaci\u00f3 immobili\u00e0ria \u00e9s el proc\u00e9s pel qual un expert en la mat\u00e8ria valora un b\u00e9 immoble sobre la base d&#039;uns\" \/>\n<meta property=\"og:url\" content=\"https:\/\/grupgl.com\/ca\/taxacions-i-valoracions\/\" \/>\n<meta property=\"og:site_name\" content=\"Construcciones Tocma\" \/>\n<meta property=\"article:modified_time\" content=\"2024-01-26T14:47:23+00:00\" \/>\n<meta name=\"twitter:card\" content=\"summary_large_image\" \/>\n<meta name=\"twitter:label1\" content=\"Temps estimat de lectura\" \/>\n\t<meta name=\"twitter:data1\" content=\"3 minuts\" \/>\n<script type=\"application\/ld+json\" class=\"yoast-schema-graph\">{\"@context\":\"https:\\\/\\\/schema.org\",\"@graph\":[{\"@type\":\"WebPage\",\"@id\":\"https:\\\/\\\/grupgl.com\\\/ca\\\/taxacions-i-valoracions\\\/\",\"url\":\"https:\\\/\\\/grupgl.com\\\/ca\\\/taxacions-i-valoracions\\\/\",\"name\":\"Taxacions i valoracions - Construcciones Tocma\",\"isPartOf\":{\"@id\":\"https:\\\/\\\/grupgl.com\\\/ca\\\/#website\"},\"datePublished\":\"2024-01-08T14:58:25+00:00\",\"dateModified\":\"2024-01-26T14:47:23+00:00\",\"description\":\"Qu\u00e8 \u00e9s una taxaci\u00f3 d'un b\u00e9 immoble? Una taxaci\u00f3 immobili\u00e0ria \u00e9s el proc\u00e9s pel qual un expert en la mat\u00e8ria valora un b\u00e9 immoble sobre la base d'uns\",\"inLanguage\":\"ca\",\"potentialAction\":[{\"@type\":\"ReadAction\",\"target\":[\"https:\\\/\\\/grupgl.com\\\/ca\\\/taxacions-i-valoracions\\\/\"]}]},{\"@type\":\"WebSite\",\"@id\":\"https:\\\/\\\/grupgl.com\\\/ca\\\/#website\",\"url\":\"https:\\\/\\\/grupgl.com\\\/ca\\\/\",\"name\":\"Construcciones Tocma\",\"description\":\"Construcciones Tocma\",\"publisher\":{\"@id\":\"https:\\\/\\\/grupgl.com\\\/ca\\\/#organization\"},\"potentialAction\":[{\"@type\":\"SearchAction\",\"target\":{\"@type\":\"EntryPoint\",\"urlTemplate\":\"https:\\\/\\\/grupgl.com\\\/ca\\\/?s={search_term_string}\"},\"query-input\":{\"@type\":\"PropertyValueSpecification\",\"valueRequired\":true,\"valueName\":\"search_term_string\"}}],\"inLanguage\":\"ca\"},{\"@type\":\"Organization\",\"@id\":\"https:\\\/\\\/grupgl.com\\\/ca\\\/#organization\",\"name\":\"Construcciones Tocma\",\"url\":\"https:\\\/\\\/grupgl.com\\\/ca\\\/\",\"logo\":{\"@type\":\"ImageObject\",\"inLanguage\":\"ca\",\"@id\":\"https:\\\/\\\/grupgl.com\\\/ca\\\/#\\\/schema\\\/logo\\\/image\\\/\",\"url\":\"https:\\\/\\\/grupgl.com\\\/wp-content\\\/uploads\\\/cropped-logo-construcciones-tocma.jpg\",\"contentUrl\":\"https:\\\/\\\/grupgl.com\\\/wp-content\\\/uploads\\\/cropped-logo-construcciones-tocma.jpg\",\"width\":927,\"height\":438,\"caption\":\"Construcciones Tocma\"},\"image\":{\"@id\":\"https:\\\/\\\/grupgl.com\\\/ca\\\/#\\\/schema\\\/logo\\\/image\\\/\"}}]}<\/script>\n<!-- \/ Yoast SEO plugin. -->","yoast_head_json":{"title":"Taxacions i valoracions - Construcciones Tocma","description":"Qu\u00e8 \u00e9s una taxaci\u00f3 d'un b\u00e9 immoble? Una taxaci\u00f3 immobili\u00e0ria \u00e9s el proc\u00e9s pel qual un expert en la mat\u00e8ria valora un b\u00e9 immoble sobre la base d'uns","robots":{"index":"index","follow":"nofollow","max-snippet":"max-snippet:-1","max-image-preview":"max-image-preview:large","max-video-preview":"max-video-preview:-1"},"canonical":"https:\/\/grupgl.com\/ca\/taxacions-i-valoracions\/","og_locale":"ca_ES","og_type":"article","og_title":"Taxacions i valoracions - Construcciones Tocma","og_description":"Qu\u00e8 \u00e9s una taxaci\u00f3 d'un b\u00e9 immoble? Una taxaci\u00f3 immobili\u00e0ria \u00e9s el proc\u00e9s pel qual un expert en la mat\u00e8ria valora un b\u00e9 immoble sobre la base d'uns","og_url":"https:\/\/grupgl.com\/ca\/taxacions-i-valoracions\/","og_site_name":"Construcciones Tocma","article_modified_time":"2024-01-26T14:47:23+00:00","twitter_card":"summary_large_image","twitter_misc":{"Temps estimat de lectura":"3 minuts"},"schema":{"@context":"https:\/\/schema.org","@graph":[{"@type":"WebPage","@id":"https:\/\/grupgl.com\/ca\/taxacions-i-valoracions\/","url":"https:\/\/grupgl.com\/ca\/taxacions-i-valoracions\/","name":"Taxacions i valoracions - Construcciones Tocma","isPartOf":{"@id":"https:\/\/grupgl.com\/ca\/#website"},"datePublished":"2024-01-08T14:58:25+00:00","dateModified":"2024-01-26T14:47:23+00:00","description":"Qu\u00e8 \u00e9s una taxaci\u00f3 d'un b\u00e9 immoble? Una taxaci\u00f3 immobili\u00e0ria \u00e9s el proc\u00e9s pel qual un expert en la mat\u00e8ria valora un b\u00e9 immoble sobre la base d'uns","inLanguage":"ca","potentialAction":[{"@type":"ReadAction","target":["https:\/\/grupgl.com\/ca\/taxacions-i-valoracions\/"]}]},{"@type":"WebSite","@id":"https:\/\/grupgl.com\/ca\/#website","url":"https:\/\/grupgl.com\/ca\/","name":"Construcciones Tocma","description":"Construcciones Tocma","publisher":{"@id":"https:\/\/grupgl.com\/ca\/#organization"},"potentialAction":[{"@type":"SearchAction","target":{"@type":"EntryPoint","urlTemplate":"https:\/\/grupgl.com\/ca\/?s={search_term_string}"},"query-input":{"@type":"PropertyValueSpecification","valueRequired":true,"valueName":"search_term_string"}}],"inLanguage":"ca"},{"@type":"Organization","@id":"https:\/\/grupgl.com\/ca\/#organization","name":"Construcciones Tocma","url":"https:\/\/grupgl.com\/ca\/","logo":{"@type":"ImageObject","inLanguage":"ca","@id":"https:\/\/grupgl.com\/ca\/#\/schema\/logo\/image\/","url":"https:\/\/grupgl.com\/wp-content\/uploads\/cropped-logo-construcciones-tocma.jpg","contentUrl":"https:\/\/grupgl.com\/wp-content\/uploads\/cropped-logo-construcciones-tocma.jpg","width":927,"height":438,"caption":"Construcciones Tocma"},"image":{"@id":"https:\/\/grupgl.com\/ca\/#\/schema\/logo\/image\/"}}]}},"_links":{"self":[{"href":"https:\/\/grupgl.com\/ca\/wp-json\/wp\/v2\/pages\/4441","targetHints":{"allow":["GET"]}}],"collection":[{"href":"https:\/\/grupgl.com\/ca\/wp-json\/wp\/v2\/pages"}],"about":[{"href":"https:\/\/grupgl.com\/ca\/wp-json\/wp\/v2\/types\/page"}],"author":[{"embeddable":true,"href":"https:\/\/grupgl.com\/ca\/wp-json\/wp\/v2\/users\/3"}],"replies":[{"embeddable":true,"href":"https:\/\/grupgl.com\/ca\/wp-json\/wp\/v2\/comments?post=4441"}],"version-history":[{"count":13,"href":"https:\/\/grupgl.com\/ca\/wp-json\/wp\/v2\/pages\/4441\/revisions"}],"predecessor-version":[{"id":4731,"href":"https:\/\/grupgl.com\/ca\/wp-json\/wp\/v2\/pages\/4441\/revisions\/4731"}],"wp:attachment":[{"href":"https:\/\/grupgl.com\/ca\/wp-json\/wp\/v2\/media?parent=4441"}],"curies":[{"name":"wp","href":"https:\/\/api.w.org\/{rel}","templated":true}]}}