{"id":4433,"date":"2024-01-08T16:20:22","date_gmt":"2024-01-08T15:20:22","guid":{"rendered":"https:\/\/tocma.vunkers.dev\/?page_id=4433"},"modified":"2024-01-08T16:20:24","modified_gmt":"2024-01-08T15:20:24","slug":"que-fem","status":"publish","type":"page","link":"https:\/\/grupgl.com\/ca\/que-fem\/","title":{"rendered":"Qu\u00e8 fem"},"content":{"rendered":"\t\t<div data-elementor-type=\"wp-page\" data-elementor-id=\"4433\" class=\"elementor elementor-4433 elementor-4432\" data-elementor-post-type=\"page\">\n\t\t\t\t\t\t<section class=\"elementor-section elementor-top-section elementor-element elementor-element-6bbb2613 v-pg-legals elementor-section-boxed elementor-section-height-default elementor-section-height-default\" data-id=\"6bbb2613\" data-element_type=\"section\" data-e-type=\"section\">\n\t\t\t\t\t\t<div class=\"elementor-container elementor-column-gap-default\">\n\t\t\t\t\t<div class=\"elementor-column elementor-col-100 elementor-top-column elementor-element elementor-element-345f346\" data-id=\"345f346\" data-element_type=\"column\" data-e-type=\"column\">\n\t\t\t<div class=\"elementor-widget-wrap elementor-element-populated\">\n\t\t\t\t\t\t<div class=\"elementor-element elementor-element-5bb28b69 elementor-widget elementor-widget-text-editor\" data-id=\"5bb28b69\" data-element_type=\"widget\" data-e-type=\"widget\" data-widget_type=\"text-editor.default\">\n\t\t\t\t<div class=\"elementor-widget-container\">\n\t\t\t\t\t\t\t\t\t<p>Els nostres treballs:<\/p>\n<ul>\n<li>Dirigir l&#8217;execuci\u00f3 material de les obres d&#8217;edificaci\u00f3, de les seves instal\u00b7lacions i elements, duent a terme el control qualitatiu i quantitatiu del constru\u00eft mitjan\u00e7ant l&#8217;establiment i la gesti\u00f3 dels plans de control de materials, sistemes i execuci\u00f3 d&#8217;obra, i elaborar-ne els corresponents registres per a la seva incorporaci\u00f3 al Llibre de l&#8217;Edifici. Portar el control econ\u00f2mic de l&#8217;obra i elaborar les certificacions i la liquidaci\u00f3 de l&#8217;obra executada. <\/li>\n<li>Redactar estudis i plans de seguretat i salut laboral i coordinar lactivitat de les empreses en mat\u00e8ria de seguretat i salut laboral en obres de construcci\u00f3, tant en fase de projecte com dexecuci\u00f3.<\/li>\n<li>Dur a terme activitats t\u00e8cniques de c\u00e0lcul, mesuraments, valoracions, taxacions i estudis de viabilitat econ\u00f2mica; realitzar peritatges, inspeccions, an\u00e0lisi de patologia i altres an\u00e0legs i redactar els informes, dict\u00e0mens i documents t\u00e8cnics corresponents; efectuar aixecaments de pl\u00e0nols a solars i edificis.<\/li>\n<li>Elaborar els projectes t\u00e8cnics i desenvolupar la direcci\u00f3 d&#8217;obres d&#8217;edificaci\u00f3 a l&#8217;\u00e0mbit de la seva habilitaci\u00f3 legal.<\/li>\n<li>Gestionar les noves tecnologies edificat\u00f2ries i participar en els processos de gesti\u00f3 de la qualitat a l&#8217;edificaci\u00f3; realitzar an\u00e0lisis, avaluacions i certificacions d&#8217;efici\u00e8ncia energ\u00e8tica aix\u00ed com estudis de sostenibilitat als edificis.<\/li>\n<li>Dirigir i gestionar l&#8217;\u00fas, la conservaci\u00f3 i el manteniment dels edificis, redactant els documents t\u00e8cnics necessaris.<\/li>\n<li>Elaborar estudis del cicle de vida \u00fatil dels materials, sistemes constructius i edificis. Gestionar el tractament dels residus de demolici\u00f3 i de la construcci\u00f3.<\/li>\n<li>Assessorar t\u00e8cnicament els processos de fabricaci\u00f3 de materials i elements utilitzats en la construcci\u00f3 dedificis.<\/li>\n<li>Gestionar el proc\u00e9s immobiliari en conjunt. Ostentar la representaci\u00f3 t\u00e8cnica de les empreses constructores a les obres d&#8217;edificaci\u00f3.<\/li>\n<\/ul>\n\t\t\t\t\t\t\t\t<\/div>\n\t\t\t\t<\/div>\n\t\t\t\t\t<\/div>\n\t\t<\/div>\n\t\t\t\t\t<\/div>\n\t\t<\/section>\n\t\t\t\t<\/div>\n\t\t","protected":false},"excerpt":{"rendered":"<p>Els nostres treballs: Dirigir l&#8217;execuci\u00f3 material de les obres d&#8217;edificaci\u00f3, de les seves instal\u00b7lacions i elements, duent a terme el control qualitatiu i quantitatiu del constru\u00eft mitjan\u00e7ant l&#8217;establiment i la gesti\u00f3 dels plans de control de materials, sistemes i execuci\u00f3 d&#8217;obra, i elaborar-ne els corresponents registres per a la seva incorporaci\u00f3 al Llibre de l&#8217;Edifici. [&hellip;]<\/p>\n","protected":false},"author":3,"featured_media":0,"parent":0,"menu_order":7,"comment_status":"closed","ping_status":"closed","template":"elementor_header_footer","meta":{"footnotes":""},"class_list":["post-4433","page","type-page","status-publish","hentry"],"yoast_head":"<!-- This site is optimized with the Yoast SEO plugin v27.5 - https:\/\/yoast.com\/product\/yoast-seo-wordpress\/ -->\n<title>Qu\u00e8 fem - Construcciones Tocma<\/title>\n<meta name=\"description\" content=\"Els nostres treballs: Dirigir l&#039;execuci\u00f3 material de les obres d&#039;edificaci\u00f3, de les seves instal\u00b7lacions i elements, duent a terme el control qualitatiu i\" \/>\n<meta name=\"robots\" content=\"noindex, nofollow\" \/>\n<meta property=\"og:locale\" content=\"ca_ES\" \/>\n<meta property=\"og:type\" content=\"article\" \/>\n<meta property=\"og:title\" content=\"Qu\u00e8 fem - Construcciones Tocma\" \/>\n<meta property=\"og:description\" content=\"Els nostres treballs: Dirigir l&#039;execuci\u00f3 material de les obres d&#039;edificaci\u00f3, de les seves instal\u00b7lacions i elements, duent a terme el control qualitatiu i\" \/>\n<meta property=\"og:url\" content=\"https:\/\/grupgl.com\/ca\/que-fem\/\" \/>\n<meta property=\"og:site_name\" content=\"Construcciones Tocma\" \/>\n<meta property=\"article:modified_time\" content=\"2024-01-08T15:20:24+00:00\" \/>\n<meta name=\"twitter:card\" content=\"summary_large_image\" \/>\n<meta name=\"twitter:label1\" content=\"Temps estimat de lectura\" \/>\n\t<meta name=\"twitter:data1\" content=\"2 minuts\" \/>\n<script type=\"application\/ld+json\" class=\"yoast-schema-graph\">{\"@context\":\"https:\\\/\\\/schema.org\",\"@graph\":[{\"@type\":\"WebPage\",\"@id\":\"https:\\\/\\\/grupgl.com\\\/ca\\\/que-fem\\\/\",\"url\":\"https:\\\/\\\/grupgl.com\\\/ca\\\/que-fem\\\/\",\"name\":\"Qu\u00e8 fem - Construcciones Tocma\",\"isPartOf\":{\"@id\":\"https:\\\/\\\/grupgl.com\\\/ca\\\/#website\"},\"datePublished\":\"2024-01-08T15:20:22+00:00\",\"dateModified\":\"2024-01-08T15:20:24+00:00\",\"description\":\"Els nostres treballs: Dirigir l'execuci\u00f3 material de les obres d'edificaci\u00f3, de les seves instal\u00b7lacions i elements, duent a terme el control qualitatiu i\",\"inLanguage\":\"ca\",\"potentialAction\":[{\"@type\":\"ReadAction\",\"target\":[\"https:\\\/\\\/grupgl.com\\\/ca\\\/que-fem\\\/\"]}]},{\"@type\":\"WebSite\",\"@id\":\"https:\\\/\\\/grupgl.com\\\/ca\\\/#website\",\"url\":\"https:\\\/\\\/grupgl.com\\\/ca\\\/\",\"name\":\"Construcciones Tocma\",\"description\":\"Construcciones Tocma\",\"publisher\":{\"@id\":\"https:\\\/\\\/grupgl.com\\\/ca\\\/#organization\"},\"potentialAction\":[{\"@type\":\"SearchAction\",\"target\":{\"@type\":\"EntryPoint\",\"urlTemplate\":\"https:\\\/\\\/grupgl.com\\\/ca\\\/?s={search_term_string}\"},\"query-input\":{\"@type\":\"PropertyValueSpecification\",\"valueRequired\":true,\"valueName\":\"search_term_string\"}}],\"inLanguage\":\"ca\"},{\"@type\":\"Organization\",\"@id\":\"https:\\\/\\\/grupgl.com\\\/ca\\\/#organization\",\"name\":\"Construcciones Tocma\",\"url\":\"https:\\\/\\\/grupgl.com\\\/ca\\\/\",\"logo\":{\"@type\":\"ImageObject\",\"inLanguage\":\"ca\",\"@id\":\"https:\\\/\\\/grupgl.com\\\/ca\\\/#\\\/schema\\\/logo\\\/image\\\/\",\"url\":\"https:\\\/\\\/grupgl.com\\\/wp-content\\\/uploads\\\/cropped-logo-construcciones-tocma.jpg\",\"contentUrl\":\"https:\\\/\\\/grupgl.com\\\/wp-content\\\/uploads\\\/cropped-logo-construcciones-tocma.jpg\",\"width\":927,\"height\":438,\"caption\":\"Construcciones Tocma\"},\"image\":{\"@id\":\"https:\\\/\\\/grupgl.com\\\/ca\\\/#\\\/schema\\\/logo\\\/image\\\/\"}}]}<\/script>\n<!-- \/ Yoast SEO plugin. -->","yoast_head_json":{"title":"Qu\u00e8 fem - Construcciones Tocma","description":"Els nostres treballs: Dirigir l'execuci\u00f3 material de les obres d'edificaci\u00f3, de les seves instal\u00b7lacions i elements, duent a terme el control qualitatiu i","robots":{"index":"noindex","follow":"nofollow"},"og_locale":"ca_ES","og_type":"article","og_title":"Qu\u00e8 fem - Construcciones Tocma","og_description":"Els nostres treballs: Dirigir l'execuci\u00f3 material de les obres d'edificaci\u00f3, de les seves instal\u00b7lacions i elements, duent a terme el control qualitatiu i","og_url":"https:\/\/grupgl.com\/ca\/que-fem\/","og_site_name":"Construcciones Tocma","article_modified_time":"2024-01-08T15:20:24+00:00","twitter_card":"summary_large_image","twitter_misc":{"Temps estimat de lectura":"2 minuts"},"schema":{"@context":"https:\/\/schema.org","@graph":[{"@type":"WebPage","@id":"https:\/\/grupgl.com\/ca\/que-fem\/","url":"https:\/\/grupgl.com\/ca\/que-fem\/","name":"Qu\u00e8 fem - Construcciones Tocma","isPartOf":{"@id":"https:\/\/grupgl.com\/ca\/#website"},"datePublished":"2024-01-08T15:20:22+00:00","dateModified":"2024-01-08T15:20:24+00:00","description":"Els nostres treballs: Dirigir l'execuci\u00f3 material de les obres d'edificaci\u00f3, de les seves instal\u00b7lacions i elements, duent a terme el control qualitatiu i","inLanguage":"ca","potentialAction":[{"@type":"ReadAction","target":["https:\/\/grupgl.com\/ca\/que-fem\/"]}]},{"@type":"WebSite","@id":"https:\/\/grupgl.com\/ca\/#website","url":"https:\/\/grupgl.com\/ca\/","name":"Construcciones Tocma","description":"Construcciones Tocma","publisher":{"@id":"https:\/\/grupgl.com\/ca\/#organization"},"potentialAction":[{"@type":"SearchAction","target":{"@type":"EntryPoint","urlTemplate":"https:\/\/grupgl.com\/ca\/?s={search_term_string}"},"query-input":{"@type":"PropertyValueSpecification","valueRequired":true,"valueName":"search_term_string"}}],"inLanguage":"ca"},{"@type":"Organization","@id":"https:\/\/grupgl.com\/ca\/#organization","name":"Construcciones Tocma","url":"https:\/\/grupgl.com\/ca\/","logo":{"@type":"ImageObject","inLanguage":"ca","@id":"https:\/\/grupgl.com\/ca\/#\/schema\/logo\/image\/","url":"https:\/\/grupgl.com\/wp-content\/uploads\/cropped-logo-construcciones-tocma.jpg","contentUrl":"https:\/\/grupgl.com\/wp-content\/uploads\/cropped-logo-construcciones-tocma.jpg","width":927,"height":438,"caption":"Construcciones Tocma"},"image":{"@id":"https:\/\/grupgl.com\/ca\/#\/schema\/logo\/image\/"}}]}},"_links":{"self":[{"href":"https:\/\/grupgl.com\/ca\/wp-json\/wp\/v2\/pages\/4433","targetHints":{"allow":["GET"]}}],"collection":[{"href":"https:\/\/grupgl.com\/ca\/wp-json\/wp\/v2\/pages"}],"about":[{"href":"https:\/\/grupgl.com\/ca\/wp-json\/wp\/v2\/types\/page"}],"author":[{"embeddable":true,"href":"https:\/\/grupgl.com\/ca\/wp-json\/wp\/v2\/users\/3"}],"replies":[{"embeddable":true,"href":"https:\/\/grupgl.com\/ca\/wp-json\/wp\/v2\/comments?post=4433"}],"version-history":[{"count":4,"href":"https:\/\/grupgl.com\/ca\/wp-json\/wp\/v2\/pages\/4433\/revisions"}],"predecessor-version":[{"id":4540,"href":"https:\/\/grupgl.com\/ca\/wp-json\/wp\/v2\/pages\/4433\/revisions\/4540"}],"wp:attachment":[{"href":"https:\/\/grupgl.com\/ca\/wp-json\/wp\/v2\/media?parent=4433"}],"curies":[{"name":"wp","href":"https:\/\/api.w.org\/{rel}","templated":true}]}}